{"id":1274,"date":"2023-06-16T11:30:52","date_gmt":"2023-06-16T09:30:52","guid":{"rendered":"https:\/\/publicdialogue.de\/adelholzener\/?page_id=1274"},"modified":"2025-11-10T10:08:08","modified_gmt":"2025-11-10T09:08:08","slug":"adelholzener_2","status":"publish","type":"page","link":"https:\/\/publicdialogue.de\/adelholzener\/adelholzener_2\/","title":{"rendered":"Adelholzener_2"},"content":{"rendered":"\t\t<div data-elementor-type=\"wp-page\" data-elementor-id=\"1274\" class=\"elementor elementor-1274\" data-elementor-post-type=\"page\">\n\t\t\t\t\t\t<section class=\"elementor-section elementor-top-section elementor-element elementor-element-390f8f2 elementor-section-boxed elementor-section-height-default elementor-section-height-default\" data-id=\"390f8f2\" data-element_type=\"section\" data-e-type=\"section\" data-settings=\"{&quot;background_background&quot;:&quot;gradient&quot;}\">\n\t\t\t\t\t\t<div class=\"elementor-container elementor-column-gap-default\">\n\t\t\t\t\t<div class=\"elementor-column elementor-col-100 elementor-top-column elementor-element elementor-element-402f682\" data-id=\"402f682\" data-element_type=\"column\" data-e-type=\"column\">\n\t\t\t<div class=\"elementor-widget-wrap elementor-element-populated\">\n\t\t\t\t\t\t<div class=\"elementor-element elementor-element-ef878f2 elementor-widget elementor-widget-heading\" data-id=\"ef878f2\" data-element_type=\"widget\" data-e-type=\"widget\" data-widget_type=\"heading.default\">\n\t\t\t\t<div class=\"elementor-widget-container\">\n\t\t\t\t\t<h1 class=\"elementor-heading-title elementor-size-default\">Aus der Tiefe der Alpen zu h\u00f6chster Qualit\u00e4t<\/h1>\t\t\t\t<\/div>\n\t\t\t\t<\/div>\n\t\t\t\t<div class=\"elementor-element elementor-element-ad16bab elementor-widget elementor-widget-heading\" data-id=\"ad16bab\" data-element_type=\"widget\" data-e-type=\"widget\" data-widget_type=\"heading.default\">\n\t\t\t\t<div class=\"elementor-widget-container\">\n\t\t\t\t\t<h2 class=\"elementor-heading-title elementor-size-default\">Unser aller Trinkwasser <br>ist sicher.<br> Heute und <br>auch in Zukunft.<\/h2>\t\t\t\t<\/div>\n\t\t\t\t<\/div>\n\t\t\t\t<div class=\"elementor-element elementor-element-5ca00e2 elementor-widget__width-initial elementor-widget-divider--view-line elementor-widget elementor-widget-divider\" data-id=\"5ca00e2\" data-element_type=\"widget\" data-e-type=\"widget\" data-widget_type=\"divider.default\">\n\t\t\t\t<div class=\"elementor-widget-container\">\n\t\t\t\t\t\t\t<div class=\"elementor-divider\">\n\t\t\t<span class=\"elementor-divider-separator\">\n\t\t\t\t\t\t<\/span>\n\t\t<\/div>\n\t\t\t\t\t\t<\/div>\n\t\t\t\t<\/div>\n\t\t\t\t<div class=\"elementor-element elementor-element-cbab73b elementor-widget__width-initial elementor-widget-mobile__width-inherit elementor-widget elementor-widget-text-editor\" data-id=\"cbab73b\" data-element_type=\"widget\" data-e-type=\"widget\" data-widget_type=\"text-editor.default\">\n\t\t\t\t<div class=\"elementor-widget-container\">\n\t\t\t\t\t\t\t\t\t<p>Der treusorgende, vorsichtige und \u00f6kologisch nachhaltige Umgang mit der Natur und der wertvollen Ressource Wasser ist f\u00fcr uns eine Verpflichtung.<\/p>\n<p>Adelholzener versorgt Tag f\u00fcr Tag Menschen in der Region und in Oberbayern sicher und zuverl\u00e4ssig mit einem der wichtigsten Grundnahrungsmittel: dem Mineralwasser. Seit 1979 unterst\u00fctzt Adelholzener zus\u00e4tzlich die kommunale Trinkwasserversorgung: als Redundanz bei Wartungsarbeiten, bei Versorgungsausf\u00e4llen und f\u00fcr die Versorgung des Bergener Ortsteils Bernhaupten.<\/p>\n<p>Grundlage daf\u00fcr und einer der wichtigsten Schritte, um den Betrieb aufrecht zu erhalten, ist die Fortschreibung der \u201eWasserrechtlichen Erlaubnis zur Entnahme des Grundwassers\u201c. Der Wasserrechtsantrag ist notwendig, weil die bestehenden Genehmigungen \u2013 seit jeher befristet und \u00fcber Jahrzehnte nach beh\u00f6rdlicher \u00dcberpr\u00fcfung immer wieder verl\u00e4ngert \u2013 auslaufen.&nbsp;&nbsp;<\/p>\n<p>Zum besseren Verst\u00e4ndnis was f\u00fcr uns eine \u201eWasserrechtlichen Erlaubnis zur Entnahme des Grundwassers\u201c bedeutet und welche Nachweise daf\u00fcr erbracht werden m\u00fcssen, haben wir diese Website eingerichtet.&nbsp;<\/p>\n<p>Wenn Sie mehr \u00fcber das Unternehmen Adelholzener erfahren wollen, sehen Sie direkt die Website von Adelholzener <a style=\"color: #284096;\" href=\"https:\/\/www.adelholzener.de\" target=\"_blank\" rel=\"noopener\" aria-label=\"Adelholzener webseite in neuem Tab \u00d6ffnen\"><b>https:\/\/www.adelholzener.de<\/b><\/a><\/p>\t\t\t\t\t\t\t\t<\/div>\n\t\t\t\t<\/div>\n\t\t\t\t\t<\/div>\n\t\t<\/div>\n\t\t\t\t\t<\/div>\n\t\t<\/section>\n\t\t\t\t<\/div>\n\t\t","protected":false},"excerpt":{"rendered":"<p>Aus der Tiefe der Alpen zu h\u00f6chster Qualit\u00e4t Unser aller Trinkwasser ist sicher. Heute und auch in Zukunft. Der treusorgende, vorsichtige und \u00f6kologisch nachhaltige Umgang mit der Natur und der wertvollen Ressource Wasser ist f\u00fcr uns eine Verpflichtung. Adelholzener versorgt Tag f\u00fcr Tag Menschen in der Region und in Oberbayern sicher und zuverl\u00e4ssig mit einem [&hellip;]<\/p>\n","protected":false},"author":1,"featured_media":0,"parent":0,"menu_order":0,"comment_status":"closed","ping_status":"closed","template":"","meta":{"site-sidebar-layout":"no-sidebar","site-content-layout":"page-builder","ast-site-content-layout":"full-width-container","site-content-style":"unboxed","site-sidebar-style":"unboxed","ast-global-header-display":"","ast-banner-title-visibility":"","ast-main-header-display":"","ast-hfb-above-header-display":"","ast-hfb-below-header-display":"","ast-hfb-mobile-header-display":"","site-post-title":"disabled","ast-breadcrumbs-content":"","ast-featured-img":"disabled","footer-sml-layout":"","ast-disable-related-posts":"","theme-transparent-header-meta":"default","adv-header-id-meta":"","stick-header-meta":"","header-above-stick-meta":"","header-main-stick-meta":"","header-below-stick-meta":"","astra-migrate-meta-layouts":"set","ast-page-background-enabled":"default","ast-page-background-meta":{"desktop":{"background-color":"","background-image":"","background-repeat":"repeat","background-position":"center center","background-size":"auto","background-attachment":"scroll","background-type":"","background-media":"","overlay-type":"","overlay-color":"","overlay-opacity":"","overlay-gradient":""},"tablet":{"background-color":"","background-image":"","background-repeat":"repeat","background-position":"center center","background-size":"auto","background-attachment":"scroll","background-type":"","background-media":"","overlay-type":"","overlay-color":"","overlay-opacity":"","overlay-gradient":""},"mobile":{"background-color":"","background-image":"","background-repeat":"repeat","background-position":"center center","background-size":"auto","background-attachment":"scroll","background-type":"","background-media":"","overlay-type":"","overlay-color":"","overlay-opacity":"","overlay-gradient":""}},"ast-content-background-meta":{"desktop":{"background-color":"var(--ast-global-color-5)","background-image":"","background-repeat":"repeat","background-position":"center center","background-size":"auto","background-attachment":"scroll","background-type":"","background-media":"","overlay-type":"","overlay-color":"","overlay-opacity":"","overlay-gradient":""},"tablet":{"background-color":"var(--ast-global-color-5)","background-image":"","background-repeat":"repeat","background-position":"center center","background-size":"auto","background-attachment":"scroll","background-type":"","background-media":"","overlay-type":"","overlay-color":"","overlay-opacity":"","overlay-gradient":""},"mobile":{"background-color":"var(--ast-global-color-5)","background-image":"","background-repeat":"repeat","background-position":"center center","background-size":"auto","background-attachment":"scroll","background-type":"","background-media":"","overlay-type":"","overlay-color":"","overlay-opacity":"","overlay-gradient":""}},"footnotes":""},"class_list":["post-1274","page","type-page","status-publish","hentry"],"yoast_head":"<!-- This site is optimized with the Yoast SEO plugin v27.4 - https:\/\/yoast.com\/product\/yoast-seo-wordpress\/ -->\n<title>Adelholzener<\/title>\n<meta name=\"description\" content=\"Adelholzener versorgt Tag f\u00fcr Tag Menschen in der Region und in Oberbayern sicher und zuverl\u00e4ssig mit einem der wichtigsten Grundnahrungsmittel: dem Mineralwasser.\" \/>\n<meta name=\"robots\" content=\"index, follow, max-snippet:-1, max-image-preview:large, max-video-preview:-1\" \/>\n<link rel=\"canonical\" href=\"https:\/\/publicdialogue.de\/adelholzener\/adelholzener_2\/\" \/>\n<meta property=\"og:locale\" content=\"de_DE\" \/>\n<meta property=\"og:type\" content=\"article\" \/>\n<meta property=\"og:title\" content=\"Adelholzener\" \/>\n<meta property=\"og:description\" content=\"Adelholzener versorgt Tag f\u00fcr Tag Menschen in der Region und in Oberbayern sicher und zuverl\u00e4ssig mit einem der wichtigsten Grundnahrungsmittel: dem Mineralwasser.\" \/>\n<meta property=\"og:url\" content=\"https:\/\/publicdialogue.de\/adelholzener\/adelholzener_2\/\" \/>\n<meta property=\"og:site_name\" content=\"Adelholzener\" \/>\n<meta property=\"article:modified_time\" content=\"2025-11-10T09:08:08+00:00\" \/>\n<meta name=\"twitter:card\" content=\"summary_large_image\" \/>\n<meta name=\"twitter:label1\" content=\"Gesch\u00e4tzte Lesezeit\" \/>\n\t<meta name=\"twitter:data1\" content=\"1\u00a0Minute\" \/>\n<script type=\"application\/ld+json\" class=\"yoast-schema-graph\">{\"@context\":\"https:\\\/\\\/schema.org\",\"@graph\":[{\"@type\":\"WebPage\",\"@id\":\"https:\\\/\\\/publicdialogue.de\\\/adelholzener\\\/adelholzener_2\\\/\",\"url\":\"https:\\\/\\\/publicdialogue.de\\\/adelholzener\\\/adelholzener_2\\\/\",\"name\":\"Adelholzener\",\"isPartOf\":{\"@id\":\"https:\\\/\\\/publicdialogue.de\\\/adelholzener\\\/#website\"},\"datePublished\":\"2023-06-16T09:30:52+00:00\",\"dateModified\":\"2025-11-10T09:08:08+00:00\",\"description\":\"Adelholzener versorgt Tag f\u00fcr Tag Menschen in der Region und in Oberbayern sicher und zuverl\u00e4ssig mit einem der wichtigsten Grundnahrungsmittel: dem Mineralwasser.\",\"breadcrumb\":{\"@id\":\"https:\\\/\\\/publicdialogue.de\\\/adelholzener\\\/adelholzener_2\\\/#breadcrumb\"},\"inLanguage\":\"de\",\"potentialAction\":[{\"@type\":\"ReadAction\",\"target\":[\"https:\\\/\\\/publicdialogue.de\\\/adelholzener\\\/adelholzener_2\\\/\"]}]},{\"@type\":\"BreadcrumbList\",\"@id\":\"https:\\\/\\\/publicdialogue.de\\\/adelholzener\\\/adelholzener_2\\\/#breadcrumb\",\"itemListElement\":[{\"@type\":\"ListItem\",\"position\":1,\"name\":\"Home\",\"item\":\"https:\\\/\\\/publicdialogue.de\\\/adelholzener\\\/\"},{\"@type\":\"ListItem\",\"position\":2,\"name\":\"Adelholzener_2\"}]},{\"@type\":\"WebSite\",\"@id\":\"https:\\\/\\\/publicdialogue.de\\\/adelholzener\\\/#website\",\"url\":\"https:\\\/\\\/publicdialogue.de\\\/adelholzener\\\/\",\"name\":\"Adelholzener\",\"description\":\"Adelholzener\",\"publisher\":{\"@id\":\"https:\\\/\\\/publicdialogue.de\\\/adelholzener\\\/#organization\"},\"potentialAction\":[{\"@type\":\"SearchAction\",\"target\":{\"@type\":\"EntryPoint\",\"urlTemplate\":\"https:\\\/\\\/publicdialogue.de\\\/adelholzener\\\/?s={search_term_string}\"},\"query-input\":{\"@type\":\"PropertyValueSpecification\",\"valueRequired\":true,\"valueName\":\"search_term_string\"}}],\"inLanguage\":\"de\"},{\"@type\":\"Organization\",\"@id\":\"https:\\\/\\\/publicdialogue.de\\\/adelholzener\\\/#organization\",\"name\":\"Adelholzener\",\"url\":\"https:\\\/\\\/publicdialogue.de\\\/adelholzener\\\/\",\"logo\":{\"@type\":\"ImageObject\",\"inLanguage\":\"de\",\"@id\":\"https:\\\/\\\/publicdialogue.de\\\/adelholzener\\\/#\\\/schema\\\/logo\\\/image\\\/\",\"url\":\"https:\\\/\\\/publicdialogue.de\\\/adelholzener\\\/wp-content\\\/uploads\\\/2023\\\/06\\\/Adelholzener_Logo.svg\",\"contentUrl\":\"https:\\\/\\\/publicdialogue.de\\\/adelholzener\\\/wp-content\\\/uploads\\\/2023\\\/06\\\/Adelholzener_Logo.svg\",\"width\":149,\"height\":79,\"caption\":\"Adelholzener\"},\"image\":{\"@id\":\"https:\\\/\\\/publicdialogue.de\\\/adelholzener\\\/#\\\/schema\\\/logo\\\/image\\\/\"}}]}<\/script>\n<!-- \/ Yoast SEO plugin. -->","yoast_head_json":{"title":"Adelholzener","description":"Adelholzener versorgt Tag f\u00fcr Tag Menschen in der Region und in Oberbayern sicher und zuverl\u00e4ssig mit einem der wichtigsten Grundnahrungsmittel: dem Mineralwasser.","robots":{"index":"index","follow":"follow","max-snippet":"max-snippet:-1","max-image-preview":"max-image-preview:large","max-video-preview":"max-video-preview:-1"},"canonical":"https:\/\/publicdialogue.de\/adelholzener\/adelholzener_2\/","og_locale":"de_DE","og_type":"article","og_title":"Adelholzener","og_description":"Adelholzener versorgt Tag f\u00fcr Tag Menschen in der Region und in Oberbayern sicher und zuverl\u00e4ssig mit einem der wichtigsten Grundnahrungsmittel: dem Mineralwasser.","og_url":"https:\/\/publicdialogue.de\/adelholzener\/adelholzener_2\/","og_site_name":"Adelholzener","article_modified_time":"2025-11-10T09:08:08+00:00","twitter_card":"summary_large_image","twitter_misc":{"Gesch\u00e4tzte Lesezeit":"1\u00a0Minute"},"schema":{"@context":"https:\/\/schema.org","@graph":[{"@type":"WebPage","@id":"https:\/\/publicdialogue.de\/adelholzener\/adelholzener_2\/","url":"https:\/\/publicdialogue.de\/adelholzener\/adelholzener_2\/","name":"Adelholzener","isPartOf":{"@id":"https:\/\/publicdialogue.de\/adelholzener\/#website"},"datePublished":"2023-06-16T09:30:52+00:00","dateModified":"2025-11-10T09:08:08+00:00","description":"Adelholzener versorgt Tag f\u00fcr Tag Menschen in der Region und in Oberbayern sicher und zuverl\u00e4ssig mit einem der wichtigsten Grundnahrungsmittel: dem Mineralwasser.","breadcrumb":{"@id":"https:\/\/publicdialogue.de\/adelholzener\/adelholzener_2\/#breadcrumb"},"inLanguage":"de","potentialAction":[{"@type":"ReadAction","target":["https:\/\/publicdialogue.de\/adelholzener\/adelholzener_2\/"]}]},{"@type":"BreadcrumbList","@id":"https:\/\/publicdialogue.de\/adelholzener\/adelholzener_2\/#breadcrumb","itemListElement":[{"@type":"ListItem","position":1,"name":"Home","item":"https:\/\/publicdialogue.de\/adelholzener\/"},{"@type":"ListItem","position":2,"name":"Adelholzener_2"}]},{"@type":"WebSite","@id":"https:\/\/publicdialogue.de\/adelholzener\/#website","url":"https:\/\/publicdialogue.de\/adelholzener\/","name":"Adelholzener","description":"Adelholzener","publisher":{"@id":"https:\/\/publicdialogue.de\/adelholzener\/#organization"},"potentialAction":[{"@type":"SearchAction","target":{"@type":"EntryPoint","urlTemplate":"https:\/\/publicdialogue.de\/adelholzener\/?s={search_term_string}"},"query-input":{"@type":"PropertyValueSpecification","valueRequired":true,"valueName":"search_term_string"}}],"inLanguage":"de"},{"@type":"Organization","@id":"https:\/\/publicdialogue.de\/adelholzener\/#organization","name":"Adelholzener","url":"https:\/\/publicdialogue.de\/adelholzener\/","logo":{"@type":"ImageObject","inLanguage":"de","@id":"https:\/\/publicdialogue.de\/adelholzener\/#\/schema\/logo\/image\/","url":"https:\/\/publicdialogue.de\/adelholzener\/wp-content\/uploads\/2023\/06\/Adelholzener_Logo.svg","contentUrl":"https:\/\/publicdialogue.de\/adelholzener\/wp-content\/uploads\/2023\/06\/Adelholzener_Logo.svg","width":149,"height":79,"caption":"Adelholzener"},"image":{"@id":"https:\/\/publicdialogue.de\/adelholzener\/#\/schema\/logo\/image\/"}}]}},"_links":{"self":[{"href":"https:\/\/publicdialogue.de\/adelholzener\/wp-json\/wp\/v2\/pages\/1274","targetHints":{"allow":["GET"]}}],"collection":[{"href":"https:\/\/publicdialogue.de\/adelholzener\/wp-json\/wp\/v2\/pages"}],"about":[{"href":"https:\/\/publicdialogue.de\/adelholzener\/wp-json\/wp\/v2\/types\/page"}],"author":[{"embeddable":true,"href":"https:\/\/publicdialogue.de\/adelholzener\/wp-json\/wp\/v2\/users\/1"}],"replies":[{"embeddable":true,"href":"https:\/\/publicdialogue.de\/adelholzener\/wp-json\/wp\/v2\/comments?post=1274"}],"version-history":[{"count":0,"href":"https:\/\/publicdialogue.de\/adelholzener\/wp-json\/wp\/v2\/pages\/1274\/revisions"}],"wp:attachment":[{"href":"https:\/\/publicdialogue.de\/adelholzener\/wp-json\/wp\/v2\/media?parent=1274"}],"curies":[{"name":"wp","href":"https:\/\/api.w.org\/{rel}","templated":true}]}}