{"id":1196,"date":"2023-06-16T09:39:33","date_gmt":"2023-06-16T07:39:33","guid":{"rendered":"https:\/\/publicdialogue.de\/adelholzener\/?page_id=1196"},"modified":"2025-11-10T10:08:34","modified_gmt":"2025-11-10T09:08:34","slug":"wasserrecht","status":"publish","type":"page","link":"https:\/\/publicdialogue.de\/adelholzener\/wasserrecht\/","title":{"rendered":"Wasserrecht"},"content":{"rendered":"\t\t<div data-elementor-type=\"wp-page\" data-elementor-id=\"1196\" class=\"elementor elementor-1196\" data-elementor-post-type=\"page\">\n\t\t\t\t\t\t<section class=\"elementor-section elementor-top-section elementor-element elementor-element-390f8f2 elementor-section-boxed elementor-section-height-default elementor-section-height-default\" data-id=\"390f8f2\" data-element_type=\"section\" data-e-type=\"section\" data-settings=\"{&quot;background_background&quot;:&quot;gradient&quot;}\">\n\t\t\t\t\t\t<div class=\"elementor-container elementor-column-gap-default\">\n\t\t\t\t\t<div class=\"elementor-column elementor-col-100 elementor-top-column elementor-element elementor-element-402f682\" data-id=\"402f682\" data-element_type=\"column\" data-e-type=\"column\">\n\t\t\t<div class=\"elementor-widget-wrap elementor-element-populated\">\n\t\t\t\t\t\t<div class=\"elementor-element elementor-element-ae669d9 elementor-widget elementor-widget-heading\" data-id=\"ae669d9\" data-element_type=\"widget\" data-e-type=\"widget\" data-widget_type=\"heading.default\">\n\t\t\t\t<div class=\"elementor-widget-container\">\n\t\t\t\t\t<h1 class=\"elementor-heading-title elementor-size-default\">Unser aller Trinkwasser ist sicher<\/h1>\t\t\t\t<\/div>\n\t\t\t\t<\/div>\n\t\t\t\t<div class=\"elementor-element elementor-element-ad16bab elementor-widget elementor-widget-heading\" data-id=\"ad16bab\" data-element_type=\"widget\" data-e-type=\"widget\" data-widget_type=\"heading.default\">\n\t\t\t\t<div class=\"elementor-widget-container\">\n\t\t\t\t\t<h2 class=\"elementor-heading-title elementor-size-default\">Heute und <br>in Zukunft<\/h2>\t\t\t\t<\/div>\n\t\t\t\t<\/div>\n\t\t\t\t<div class=\"elementor-element elementor-element-5ca00e2 elementor-widget-divider--view-line elementor-widget elementor-widget-divider\" data-id=\"5ca00e2\" data-element_type=\"widget\" data-e-type=\"widget\" data-widget_type=\"divider.default\">\n\t\t\t\t<div class=\"elementor-widget-container\">\n\t\t\t\t\t\t\t<div class=\"elementor-divider\">\n\t\t\t<span class=\"elementor-divider-separator\">\n\t\t\t\t\t\t<\/span>\n\t\t<\/div>\n\t\t\t\t\t\t<\/div>\n\t\t\t\t<\/div>\n\t\t\t\t<div class=\"elementor-element elementor-element-cbab73b elementor-widget__width-initial elementor-widget-tablet__width-inherit elementor-widget elementor-widget-text-editor\" data-id=\"cbab73b\" data-element_type=\"widget\" data-e-type=\"widget\" data-widget_type=\"text-editor.default\">\n\t\t\t\t<div class=\"elementor-widget-container\">\n\t\t\t\t\t\t\t\t\t<p>Die Adelholzener Alpenquellen sind mit ihrer Heimat, dem Chiemgau, fest und eng verbunden. Hier leben unsere Mitarbeiter. Hier sind wir zu Hause. Hier geh\u00f6ren wir hin. Wir sind ein fester Teil unserer Gemeinden. Wir versorgen so die Menschen in unserer Region und in Oberbayern sicher und zuverl\u00e4ssig mit einem der wichtigsten Grundnahrungsmittel: dem Mineralwasser.<\/p><p>Seit 1979 unterst\u00fctzen wir zudem die kommunale Trinkwasserversorgung der Gemeinde Bergen: als Redundanz bei Wartungsarbeiten und bei Versorgungsausf\u00e4llen mehrmals im Jahr \u2013 immer dann, wenn Bedarf besteht. Der Ortsteil Bernhaupten, zahlreiche Einzelanwesen und das Adelholzener Werk werden dauerhaft von uns versorgt.<\/p><p>Grundlage all dessen, also unseren Betrieb f\u00fcr die Zukunft zu sichern, ist die Fortschreibung der \u201cWasserrechtlichen Erlaubnis zur Entnahme von Grundwasser\u201d.&nbsp;<\/p><p>Die heute genehmigte Entnahme-Menge soll unver\u00e4ndert gleichbleiben. Der neue Wasserrechtsantrag ist notwendig, weil die bestehenden Genehmigungen \u2013 seit jeher befristet und \u00fcber Jahrzehnte nach beh\u00f6rdlicher \u00dcberpr\u00fcfung immer wieder verl\u00e4ngert \u2013 auslaufen.&nbsp;<\/p>\t\t\t\t\t\t\t\t<\/div>\n\t\t\t\t<\/div>\n\t\t\t\t<div class=\"elementor-element elementor-element-c1d112a elementor-widget elementor-widget-video\" data-id=\"c1d112a\" data-element_type=\"widget\" data-e-type=\"widget\" data-settings=\"{&quot;youtube_url&quot;:&quot;https:\\\/\\\/www.youtube.com\\\/watch?v=UDpEx9aCaZk&quot;,&quot;show_image_overlay&quot;:&quot;yes&quot;,&quot;image_overlay&quot;:{&quot;url&quot;:&quot;https:\\\/\\\/publicdialogue.de\\\/adelholzener\\\/wp-content\\\/uploads\\\/2025\\\/08\\\/NachweisdesBedarfs_.webp&quot;,&quot;id&quot;:3014,&quot;size&quot;:&quot;&quot;,&quot;alt&quot;:&quot;&quot;,&quot;source&quot;:&quot;library&quot;},&quot;yt_privacy&quot;:&quot;yes&quot;,&quot;video_type&quot;:&quot;youtube&quot;,&quot;controls&quot;:&quot;yes&quot;}\" data-widget_type=\"video.default\">\n\t\t\t\t<div class=\"elementor-widget-container\">\n\t\t\t\t\t\t\t<div class=\"elementor-wrapper elementor-open-inline\">\n\t\t\t<div class=\"elementor-video\"><\/div>\t\t\t\t<div class=\"elementor-custom-embed-image-overlay\" style=\"background-image: url(https:\/\/publicdialogue.de\/adelholzener\/wp-content\/uploads\/2025\/08\/NachweisdesBedarfs_.webp);\">\n\t\t\t\t\t\t\t\t\t\t\t\t\t\t\t\t<div class=\"elementor-custom-embed-play\" role=\"button\" aria-label=\"Video abspielen\" tabindex=\"0\">\n\t\t\t\t\t\t\t<i aria-hidden=\"true\" class=\"eicon-play\"><\/i>\t\t\t\t\t\t<\/div>\n\t\t\t\t\t\t\t\t\t<\/div>\n\t\t\t\t\t<\/div>\n\t\t\t\t\t\t<\/div>\n\t\t\t\t<\/div>\n\t\t\t\t\t<\/div>\n\t\t<\/div>\n\t\t\t\t\t<\/div>\n\t\t<\/section>\n\t\t\t\t<\/div>\n\t\t","protected":false},"excerpt":{"rendered":"<p>Unser aller Trinkwasser ist sicher Heute und in Zukunft Die Adelholzener Alpenquellen sind mit ihrer Heimat, dem Chiemgau, fest und eng verbunden. Hier leben unsere Mitarbeiter. Hier sind wir zu Hause. Hier geh\u00f6ren wir hin. Wir sind ein fester Teil unserer Gemeinden. Wir versorgen so die Menschen in unserer Region und in Oberbayern sicher und [&hellip;]<\/p>\n","protected":false},"author":1,"featured_media":3014,"parent":0,"menu_order":0,"comment_status":"closed","ping_status":"closed","template":"","meta":{"site-sidebar-layout":"no-sidebar","site-content-layout":"page-builder","ast-site-content-layout":"full-width-container","site-content-style":"unboxed","site-sidebar-style":"unboxed","ast-global-header-display":"","ast-banner-title-visibility":"","ast-main-header-display":"","ast-hfb-above-header-display":"","ast-hfb-below-header-display":"","ast-hfb-mobile-header-display":"","site-post-title":"disabled","ast-breadcrumbs-content":"","ast-featured-img":"disabled","footer-sml-layout":"","ast-disable-related-posts":"","theme-transparent-header-meta":"default","adv-header-id-meta":"","stick-header-meta":"","header-above-stick-meta":"","header-main-stick-meta":"","header-below-stick-meta":"","astra-migrate-meta-layouts":"set","ast-page-background-enabled":"default","ast-page-background-meta":{"desktop":{"background-color":"","background-image":"","background-repeat":"repeat","background-position":"center center","background-size":"auto","background-attachment":"scroll","background-type":"","background-media":"","overlay-type":"","overlay-color":"","overlay-opacity":"","overlay-gradient":""},"tablet":{"background-color":"","background-image":"","background-repeat":"repeat","background-position":"center center","background-size":"auto","background-attachment":"scroll","background-type":"","background-media":"","overlay-type":"","overlay-color":"","overlay-opacity":"","overlay-gradient":""},"mobile":{"background-color":"","background-image":"","background-repeat":"repeat","background-position":"center center","background-size":"auto","background-attachment":"scroll","background-type":"","background-media":"","overlay-type":"","overlay-color":"","overlay-opacity":"","overlay-gradient":""}},"ast-content-background-meta":{"desktop":{"background-color":"var(--ast-global-color-5)","background-image":"","background-repeat":"repeat","background-position":"center center","background-size":"auto","background-attachment":"scroll","background-type":"","background-media":"","overlay-type":"","overlay-color":"","overlay-opacity":"","overlay-gradient":""},"tablet":{"background-color":"var(--ast-global-color-5)","background-image":"","background-repeat":"repeat","background-position":"center center","background-size":"auto","background-attachment":"scroll","background-type":"","background-media":"","overlay-type":"","overlay-color":"","overlay-opacity":"","overlay-gradient":""},"mobile":{"background-color":"var(--ast-global-color-5)","background-image":"","background-repeat":"repeat","background-position":"center center","background-size":"auto","background-attachment":"scroll","background-type":"","background-media":"","overlay-type":"","overlay-color":"","overlay-opacity":"","overlay-gradient":""}},"footnotes":""},"class_list":["post-1196","page","type-page","status-publish","has-post-thumbnail","hentry"],"yoast_head":"<!-- This site is optimized with the Yoast SEO plugin v27.4 - https:\/\/yoast.com\/product\/yoast-seo-wordpress\/ -->\n<title>Wasserrecht - Adelholzener<\/title>\n<meta name=\"description\" content=\"Die Adelholzener Alpenquellen sind mit ihrer Heimat, dem Chiemgau, fest und eng verbunden. Hier leben unsere Mitarbeiter. Hier sind wir zu Hause.\" \/>\n<meta name=\"robots\" content=\"index, follow, max-snippet:-1, max-image-preview:large, max-video-preview:-1\" \/>\n<link rel=\"canonical\" href=\"https:\/\/publicdialogue.de\/adelholzener\/wasserrecht\/\" \/>\n<meta property=\"og:locale\" content=\"de_DE\" \/>\n<meta property=\"og:type\" content=\"article\" \/>\n<meta property=\"og:title\" content=\"Wasserrecht - Adelholzener\" \/>\n<meta property=\"og:description\" content=\"Die Adelholzener Alpenquellen sind mit ihrer Heimat, dem Chiemgau, fest und eng verbunden. Hier leben unsere Mitarbeiter. Hier sind wir zu Hause.\" \/>\n<meta property=\"og:url\" content=\"https:\/\/publicdialogue.de\/adelholzener\/wasserrecht\/\" \/>\n<meta property=\"og:site_name\" content=\"Adelholzener\" \/>\n<meta property=\"article:modified_time\" content=\"2025-11-10T09:08:34+00:00\" \/>\n<meta property=\"og:image\" content=\"https:\/\/publicdialogue.de\/adelholzener\/wp-content\/uploads\/2025\/08\/NachweisdesBedarfs_.webp\" \/>\n\t<meta property=\"og:image:width\" content=\"1920\" \/>\n\t<meta property=\"og:image:height\" content=\"1000\" \/>\n\t<meta property=\"og:image:type\" content=\"image\/webp\" \/>\n<meta name=\"twitter:card\" content=\"summary_large_image\" \/>\n<meta name=\"twitter:label1\" content=\"Gesch\u00e4tzte Lesezeit\" \/>\n\t<meta name=\"twitter:data1\" content=\"2\u00a0Minuten\" \/>\n<script type=\"application\/ld+json\" class=\"yoast-schema-graph\">{\"@context\":\"https:\\\/\\\/schema.org\",\"@graph\":[{\"@type\":\"WebPage\",\"@id\":\"https:\\\/\\\/publicdialogue.de\\\/adelholzener\\\/wasserrecht\\\/\",\"url\":\"https:\\\/\\\/publicdialogue.de\\\/adelholzener\\\/wasserrecht\\\/\",\"name\":\"Wasserrecht - Adelholzener\",\"isPartOf\":{\"@id\":\"https:\\\/\\\/publicdialogue.de\\\/adelholzener\\\/#website\"},\"primaryImageOfPage\":{\"@id\":\"https:\\\/\\\/publicdialogue.de\\\/adelholzener\\\/wasserrecht\\\/#primaryimage\"},\"image\":{\"@id\":\"https:\\\/\\\/publicdialogue.de\\\/adelholzener\\\/wasserrecht\\\/#primaryimage\"},\"thumbnailUrl\":\"https:\\\/\\\/publicdialogue.de\\\/adelholzener\\\/wp-content\\\/uploads\\\/2025\\\/08\\\/NachweisdesBedarfs_.webp\",\"datePublished\":\"2023-06-16T07:39:33+00:00\",\"dateModified\":\"2025-11-10T09:08:34+00:00\",\"description\":\"Die Adelholzener Alpenquellen sind mit ihrer Heimat, dem Chiemgau, fest und eng verbunden. Hier leben unsere Mitarbeiter. Hier sind wir zu Hause.\",\"breadcrumb\":{\"@id\":\"https:\\\/\\\/publicdialogue.de\\\/adelholzener\\\/wasserrecht\\\/#breadcrumb\"},\"inLanguage\":\"de\",\"potentialAction\":[{\"@type\":\"ReadAction\",\"target\":[\"https:\\\/\\\/publicdialogue.de\\\/adelholzener\\\/wasserrecht\\\/\"]}]},{\"@type\":\"ImageObject\",\"inLanguage\":\"de\",\"@id\":\"https:\\\/\\\/publicdialogue.de\\\/adelholzener\\\/wasserrecht\\\/#primaryimage\",\"url\":\"https:\\\/\\\/publicdialogue.de\\\/adelholzener\\\/wp-content\\\/uploads\\\/2025\\\/08\\\/NachweisdesBedarfs_.webp\",\"contentUrl\":\"https:\\\/\\\/publicdialogue.de\\\/adelholzener\\\/wp-content\\\/uploads\\\/2025\\\/08\\\/NachweisdesBedarfs_.webp\",\"width\":1920,\"height\":1000},{\"@type\":\"BreadcrumbList\",\"@id\":\"https:\\\/\\\/publicdialogue.de\\\/adelholzener\\\/wasserrecht\\\/#breadcrumb\",\"itemListElement\":[{\"@type\":\"ListItem\",\"position\":1,\"name\":\"Home\",\"item\":\"https:\\\/\\\/publicdialogue.de\\\/adelholzener\\\/\"},{\"@type\":\"ListItem\",\"position\":2,\"name\":\"Wasserrecht\"}]},{\"@type\":\"WebSite\",\"@id\":\"https:\\\/\\\/publicdialogue.de\\\/adelholzener\\\/#website\",\"url\":\"https:\\\/\\\/publicdialogue.de\\\/adelholzener\\\/\",\"name\":\"Adelholzener\",\"description\":\"Adelholzener\",\"publisher\":{\"@id\":\"https:\\\/\\\/publicdialogue.de\\\/adelholzener\\\/#organization\"},\"potentialAction\":[{\"@type\":\"SearchAction\",\"target\":{\"@type\":\"EntryPoint\",\"urlTemplate\":\"https:\\\/\\\/publicdialogue.de\\\/adelholzener\\\/?s={search_term_string}\"},\"query-input\":{\"@type\":\"PropertyValueSpecification\",\"valueRequired\":true,\"valueName\":\"search_term_string\"}}],\"inLanguage\":\"de\"},{\"@type\":\"Organization\",\"@id\":\"https:\\\/\\\/publicdialogue.de\\\/adelholzener\\\/#organization\",\"name\":\"Adelholzener\",\"url\":\"https:\\\/\\\/publicdialogue.de\\\/adelholzener\\\/\",\"logo\":{\"@type\":\"ImageObject\",\"inLanguage\":\"de\",\"@id\":\"https:\\\/\\\/publicdialogue.de\\\/adelholzener\\\/#\\\/schema\\\/logo\\\/image\\\/\",\"url\":\"https:\\\/\\\/publicdialogue.de\\\/adelholzener\\\/wp-content\\\/uploads\\\/2023\\\/06\\\/Adelholzener_Logo.svg\",\"contentUrl\":\"https:\\\/\\\/publicdialogue.de\\\/adelholzener\\\/wp-content\\\/uploads\\\/2023\\\/06\\\/Adelholzener_Logo.svg\",\"width\":149,\"height\":79,\"caption\":\"Adelholzener\"},\"image\":{\"@id\":\"https:\\\/\\\/publicdialogue.de\\\/adelholzener\\\/#\\\/schema\\\/logo\\\/image\\\/\"}}]}<\/script>\n<!-- \/ Yoast SEO plugin. -->","yoast_head_json":{"title":"Wasserrecht - Adelholzener","description":"Die Adelholzener Alpenquellen sind mit ihrer Heimat, dem Chiemgau, fest und eng verbunden. Hier leben unsere Mitarbeiter. Hier sind wir zu Hause.","robots":{"index":"index","follow":"follow","max-snippet":"max-snippet:-1","max-image-preview":"max-image-preview:large","max-video-preview":"max-video-preview:-1"},"canonical":"https:\/\/publicdialogue.de\/adelholzener\/wasserrecht\/","og_locale":"de_DE","og_type":"article","og_title":"Wasserrecht - Adelholzener","og_description":"Die Adelholzener Alpenquellen sind mit ihrer Heimat, dem Chiemgau, fest und eng verbunden. Hier leben unsere Mitarbeiter. Hier sind wir zu Hause.","og_url":"https:\/\/publicdialogue.de\/adelholzener\/wasserrecht\/","og_site_name":"Adelholzener","article_modified_time":"2025-11-10T09:08:34+00:00","og_image":[{"width":1920,"height":1000,"url":"https:\/\/publicdialogue.de\/adelholzener\/wp-content\/uploads\/2025\/08\/NachweisdesBedarfs_.webp","type":"image\/webp"}],"twitter_card":"summary_large_image","twitter_misc":{"Gesch\u00e4tzte Lesezeit":"2\u00a0Minuten"},"schema":{"@context":"https:\/\/schema.org","@graph":[{"@type":"WebPage","@id":"https:\/\/publicdialogue.de\/adelholzener\/wasserrecht\/","url":"https:\/\/publicdialogue.de\/adelholzener\/wasserrecht\/","name":"Wasserrecht - Adelholzener","isPartOf":{"@id":"https:\/\/publicdialogue.de\/adelholzener\/#website"},"primaryImageOfPage":{"@id":"https:\/\/publicdialogue.de\/adelholzener\/wasserrecht\/#primaryimage"},"image":{"@id":"https:\/\/publicdialogue.de\/adelholzener\/wasserrecht\/#primaryimage"},"thumbnailUrl":"https:\/\/publicdialogue.de\/adelholzener\/wp-content\/uploads\/2025\/08\/NachweisdesBedarfs_.webp","datePublished":"2023-06-16T07:39:33+00:00","dateModified":"2025-11-10T09:08:34+00:00","description":"Die Adelholzener Alpenquellen sind mit ihrer Heimat, dem Chiemgau, fest und eng verbunden. Hier leben unsere Mitarbeiter. Hier sind wir zu Hause.","breadcrumb":{"@id":"https:\/\/publicdialogue.de\/adelholzener\/wasserrecht\/#breadcrumb"},"inLanguage":"de","potentialAction":[{"@type":"ReadAction","target":["https:\/\/publicdialogue.de\/adelholzener\/wasserrecht\/"]}]},{"@type":"ImageObject","inLanguage":"de","@id":"https:\/\/publicdialogue.de\/adelholzener\/wasserrecht\/#primaryimage","url":"https:\/\/publicdialogue.de\/adelholzener\/wp-content\/uploads\/2025\/08\/NachweisdesBedarfs_.webp","contentUrl":"https:\/\/publicdialogue.de\/adelholzener\/wp-content\/uploads\/2025\/08\/NachweisdesBedarfs_.webp","width":1920,"height":1000},{"@type":"BreadcrumbList","@id":"https:\/\/publicdialogue.de\/adelholzener\/wasserrecht\/#breadcrumb","itemListElement":[{"@type":"ListItem","position":1,"name":"Home","item":"https:\/\/publicdialogue.de\/adelholzener\/"},{"@type":"ListItem","position":2,"name":"Wasserrecht"}]},{"@type":"WebSite","@id":"https:\/\/publicdialogue.de\/adelholzener\/#website","url":"https:\/\/publicdialogue.de\/adelholzener\/","name":"Adelholzener","description":"Adelholzener","publisher":{"@id":"https:\/\/publicdialogue.de\/adelholzener\/#organization"},"potentialAction":[{"@type":"SearchAction","target":{"@type":"EntryPoint","urlTemplate":"https:\/\/publicdialogue.de\/adelholzener\/?s={search_term_string}"},"query-input":{"@type":"PropertyValueSpecification","valueRequired":true,"valueName":"search_term_string"}}],"inLanguage":"de"},{"@type":"Organization","@id":"https:\/\/publicdialogue.de\/adelholzener\/#organization","name":"Adelholzener","url":"https:\/\/publicdialogue.de\/adelholzener\/","logo":{"@type":"ImageObject","inLanguage":"de","@id":"https:\/\/publicdialogue.de\/adelholzener\/#\/schema\/logo\/image\/","url":"https:\/\/publicdialogue.de\/adelholzener\/wp-content\/uploads\/2023\/06\/Adelholzener_Logo.svg","contentUrl":"https:\/\/publicdialogue.de\/adelholzener\/wp-content\/uploads\/2023\/06\/Adelholzener_Logo.svg","width":149,"height":79,"caption":"Adelholzener"},"image":{"@id":"https:\/\/publicdialogue.de\/adelholzener\/#\/schema\/logo\/image\/"}}]}},"_links":{"self":[{"href":"https:\/\/publicdialogue.de\/adelholzener\/wp-json\/wp\/v2\/pages\/1196","targetHints":{"allow":["GET"]}}],"collection":[{"href":"https:\/\/publicdialogue.de\/adelholzener\/wp-json\/wp\/v2\/pages"}],"about":[{"href":"https:\/\/publicdialogue.de\/adelholzener\/wp-json\/wp\/v2\/types\/page"}],"author":[{"embeddable":true,"href":"https:\/\/publicdialogue.de\/adelholzener\/wp-json\/wp\/v2\/users\/1"}],"replies":[{"embeddable":true,"href":"https:\/\/publicdialogue.de\/adelholzener\/wp-json\/wp\/v2\/comments?post=1196"}],"version-history":[{"count":0,"href":"https:\/\/publicdialogue.de\/adelholzener\/wp-json\/wp\/v2\/pages\/1196\/revisions"}],"wp:featuredmedia":[{"embeddable":true,"href":"https:\/\/publicdialogue.de\/adelholzener\/wp-json\/wp\/v2\/media\/3014"}],"wp:attachment":[{"href":"https:\/\/publicdialogue.de\/adelholzener\/wp-json\/wp\/v2\/media?parent=1196"}],"curies":[{"name":"wp","href":"https:\/\/api.w.org\/{rel}","templated":true}]}}